{"id":97,"date":"2026-04-09T10:12:43","date_gmt":"2026-04-09T09:12:43","guid":{"rendered":"https:\/\/florianmary.com\/?page_id=97"},"modified":"2026-04-09T10:12:43","modified_gmt":"2026-04-09T09:12:43","slug":"nos-services","status":"publish","type":"page","link":"https:\/\/florianmary.com\/?page_id=97","title":{"rendered":"Nos Services"},"content":{"rendered":"\n<h2 class=\"wp-block-heading\">Sant\u00e9 financi\u00e8re<\/h2>\n\n\n\n<div style=\"height:100px\" aria-hidden=\"true\" class=\"wp-block-spacer\"><\/div>\n\n\n\n<figure class=\"wp-block-image size-large\"><img loading=\"lazy\" decoding=\"async\" width=\"1024\" height=\"684\" src=\"https:\/\/florianmary.com\/wp-content\/uploads\/2026\/04\/icons8_team-woman-3373913-1024x684.jpg\" alt=\"\" class=\"wp-image-106\" srcset=\"https:\/\/florianmary.com\/wp-content\/uploads\/2026\/04\/icons8_team-woman-3373913-1024x684.jpg 1024w, https:\/\/florianmary.com\/wp-content\/uploads\/2026\/04\/icons8_team-woman-3373913-300x200.jpg 300w, https:\/\/florianmary.com\/wp-content\/uploads\/2026\/04\/icons8_team-woman-3373913-768x513.jpg 768w, https:\/\/florianmary.com\/wp-content\/uploads\/2026\/04\/icons8_team-woman-3373913-1536x1025.jpg 1536w, https:\/\/florianmary.com\/wp-content\/uploads\/2026\/04\/icons8_team-woman-3373913-2048x1367.jpg 2048w\" sizes=\"auto, (max-width: 1024px) 100vw, 1024px\" \/><\/figure>\n\n\n\n<div style=\"height:100px\" aria-hidden=\"true\" class=\"wp-block-spacer\"><\/div>\n\n\n\n<p><strong>Analyse financi\u00e8re<\/strong><\/p>\n\n\n\n<p>L&rsquo;\u00e9tude du bilan et du compte de r\u00e9sultat, mais aussi de la bonne int\u00e9gration des donn\u00e9es comptables, permet d&rsquo;identifier les risques et les opportunit\u00e9s de d\u00e9veloppement relatifs \u00e0 l&rsquo;activit\u00e9 de l&rsquo;entreprise.<\/p>\n\n\n\n<p class=\"has-text-align-left\">Elle permet d&rsquo;\u00e9tablir un pr\u00e9visionnel d&rsquo;exploitation fiable qui va servir de support au plan de financement.<\/p>\n\n\n\n<p><\/p>\n\n\n\n<p><strong>Cr\u00e9ation de soci\u00e9t\u00e9<\/strong><\/p>\n\n\n\n<p>La cr\u00e9ation d&rsquo;une soci\u00e9t\u00e9 n\u00e9cessite la production de nombreux actes qui sont les fondations saines de l&rsquo;activit\u00e9. Les statuts ou les publications l\u00e9gales sont des documents qui s&rsquo;ajoutent \u00e0 un business plan de qualit\u00e9.<\/p>\n\n\n\n<p>Le business plan est une d\u00e9monstration de la pertinence pour la strat\u00e9gie souhait\u00e9e par les dirigeants. La production d&rsquo;un business plan de qualit\u00e9 n\u00e9cessite alors les comp\u00e9tences d&rsquo;un expert en marketing.<\/p>\n\n\n\n<div style=\"height:100px\" aria-hidden=\"true\" class=\"wp-block-spacer\"><\/div>\n\n\n\n<h2 class=\"wp-block-heading\">Expansion commerciale<\/h2>\n\n\n\n<div style=\"height:100px\" aria-hidden=\"true\" class=\"wp-block-spacer\"><\/div>\n\n\n\n<figure class=\"wp-block-image size-large\"><img loading=\"lazy\" decoding=\"async\" width=\"1024\" height=\"683\" src=\"https:\/\/florianmary.com\/wp-content\/uploads\/2026\/04\/sergeitokmakov-stock-trading-6525081-1024x683.jpg\" alt=\"\" class=\"wp-image-108\" srcset=\"https:\/\/florianmary.com\/wp-content\/uploads\/2026\/04\/sergeitokmakov-stock-trading-6525081-1024x683.jpg 1024w, https:\/\/florianmary.com\/wp-content\/uploads\/2026\/04\/sergeitokmakov-stock-trading-6525081-300x200.jpg 300w, https:\/\/florianmary.com\/wp-content\/uploads\/2026\/04\/sergeitokmakov-stock-trading-6525081-768x512.jpg 768w, https:\/\/florianmary.com\/wp-content\/uploads\/2026\/04\/sergeitokmakov-stock-trading-6525081-1536x1024.jpg 1536w, https:\/\/florianmary.com\/wp-content\/uploads\/2026\/04\/sergeitokmakov-stock-trading-6525081-2048x1365.jpg 2048w\" sizes=\"auto, (max-width: 1024px) 100vw, 1024px\" \/><\/figure>\n\n\n\n<div style=\"height:100px\" aria-hidden=\"true\" class=\"wp-block-spacer\"><\/div>\n\n\n\n<p><strong>Strat\u00e9gie marketing<\/strong><\/p>\n\n\n\n<p>La production de valeur par la soci\u00e9t\u00e9 repose sur une analyse pr\u00e9cise de son environnement pour d\u00e9terminer des propositions coh\u00e9rentes et profitables. L&rsquo;expertise marketing est une garantie de succ\u00e8s pour le d\u00e9veloppement commercial de l&rsquo;entreprise.<\/p>\n\n\n\n<p><\/p>\n\n\n\n<p><strong>Op\u00e9rations commerciales<\/strong><\/p>\n\n\n\n<p>Il est n\u00e9cessaire de donner au client le pouvoir de choisir le produit de l&rsquo;entreprise. Ce produit devient reconnu et appr\u00e9ci\u00e9 car il r\u00e9pond aux attentes de son acqu\u00e9reur. La r\u00e9ussite d&rsquo;une op\u00e9ration commerciale repose sur le choix judicieux des moyens qui lui ont \u00e9t\u00e9 attribu\u00e9s et de la planification qui aura \u00e9t\u00e9 d\u00e9ploy\u00e9e pour atteindre les objectifs.<\/p>\n\n\n\n<p>Une planification performante est une \u0153uvre essentielle qui est produite uniquement par des professionnels du marketing op\u00e9rationnel.<\/p>\n\n\n\n<p><\/p>\n\n\n\n<p><strong>Implantation \u00e0 l&rsquo;\u00e9tranger<\/strong><\/p>\n\n\n\n<p>L&rsquo;internationalisation est une opportunit\u00e9 de croissance pour de nombreuses activit\u00e9s. L&rsquo;\u00e9tude du march\u00e9 cibl\u00e9 et les solutions apport\u00e9es pour assurer la rentabilit\u00e9 de l&rsquo;op\u00e9ration d\u00e9terminent une strat\u00e9gie marketing affin\u00e9e et pertinente qui assure le succ\u00e8s d&rsquo;une implantation sur un territoire \u00e9tranger.<\/p>\n\n\n\n<p><\/p>\n\n\n\n<p><\/p>\n","protected":false},"excerpt":{"rendered":"<p>Sant\u00e9 financi\u00e8re Analyse financi\u00e8re L&rsquo;\u00e9tude du bilan et du compte de r\u00e9sultat, mais aussi de la bonne int\u00e9gration des donn\u00e9es comptables, permet d&rsquo;identifier les risques et les opportunit\u00e9s de d\u00e9veloppement relatifs \u00e0 l&rsquo;activit\u00e9 de l&rsquo;entreprise. Elle permet d&rsquo;\u00e9tablir un pr\u00e9visionnel d&rsquo;exploitation fiable qui va servir de support au plan de financement. Cr\u00e9ation de soci\u00e9t\u00e9 La [&hellip;]<\/p>\n","protected":false},"author":1,"featured_media":0,"parent":0,"menu_order":0,"comment_status":"closed","ping_status":"closed","template":"","meta":{"footnotes":""},"class_list":["post-97","page","type-page","status-publish","hentry"],"_links":{"self":[{"href":"https:\/\/florianmary.com\/index.php?rest_route=\/wp\/v2\/pages\/97","targetHints":{"allow":["GET"]}}],"collection":[{"href":"https:\/\/florianmary.com\/index.php?rest_route=\/wp\/v2\/pages"}],"about":[{"href":"https:\/\/florianmary.com\/index.php?rest_route=\/wp\/v2\/types\/page"}],"author":[{"embeddable":true,"href":"https:\/\/florianmary.com\/index.php?rest_route=\/wp\/v2\/users\/1"}],"replies":[{"embeddable":true,"href":"https:\/\/florianmary.com\/index.php?rest_route=%2Fwp%2Fv2%2Fcomments&post=97"}],"version-history":[{"count":6,"href":"https:\/\/florianmary.com\/index.php?rest_route=\/wp\/v2\/pages\/97\/revisions"}],"predecessor-version":[{"id":122,"href":"https:\/\/florianmary.com\/index.php?rest_route=\/wp\/v2\/pages\/97\/revisions\/122"}],"wp:attachment":[{"href":"https:\/\/florianmary.com\/index.php?rest_route=%2Fwp%2Fv2%2Fmedia&parent=97"}],"curies":[{"name":"wp","href":"https:\/\/api.w.org\/{rel}","templated":true}]}}